{"id":335,"date":"2025-07-03T19:39:44","date_gmt":"2025-07-03T19:39:44","guid":{"rendered":"https:\/\/femergs.com.br\/wfe\/?page_id=335"},"modified":"2025-07-15T19:33:49","modified_gmt":"2025-07-15T19:33:49","slug":"coordenadorias-regionais","status":"publish","type":"page","link":"https:\/\/femergs.com.br\/wfe\/coordenadorias-regionais\/","title":{"rendered":"COORDENADORIAS REGIONAIS"},"content":{"rendered":"\n<div class=\"wp-block-columns is-layout-flex wp-container-core-columns-is-layout-cf05694f wp-block-columns-is-layout-flex\">\n<div class=\"wp-block-column is-layout-flow wp-block-column-is-layout-flow\">\n<p><strong>COORDENADORIA REGIONAL DA FEMERGS &#8211; GRANDE SANTA ROSA:<br><\/strong>Coordenador: R\u00f3bson Kamm &#8211; Sindicato dos Municip\u00e1rios de Tr\u00eas de Maio<br>e-mail: <a href=\"mailto:robson.kamm@gmail.com\">robson.kamm@gmail.com<\/a> &#8211; Tel.: (55) 99638-0282<br>Vice-Coordenador: Jos\u00e9 Valderi da Silva &#8211; Sindicato dos Municip\u00e1rios de Horizontina<br>e-mail: <a href=\"mailto:sinda.smh@gmail.com\">sinda.smh@gmail.com<\/a> &#8211; Tel.: (55) 99631-7116<br>Secret\u00e1rio: Jos\u00e9 Carlos da Fonseca Parada &#8211; Sindicato dos Municip\u00e1rios de Porto Mau\u00e1<br>e-mail: <a href=\"mailto:jcparada@ibest.com.br\">jcparada@ibest.com.br<\/a> &#8211; Tel.: (55) 99955-8722<br><br><strong>COORDENADORIA REGIONAL DA FEMERGS &#8211; COSTA DOCE:<br><\/strong>Coordenador: M\u00e1rcio Alexandre de \u00c1vila Oliveira &#8211; Sindicato dos Municip\u00e1rios de Camaqu\u00e3<br>e-mail: <a href=\"mailto:sindmaravila@hotmail.com\">sindmaravila@hotmail.com<\/a> &#8211; Tel.: (51) 99726-6419<br>Vice-Coordenador: Walter Andr\u00e9 Carvalho da Rocha &#8211; Sindicato dos Municip\u00e1rios de Arambar\u00e9<br>e-mail: <a href=\"mailto:walterwictor@hotmail.com\">walterwictor@hotmail.com<\/a> &#8211; Tel.: (51) 99839-6509<br>Secret\u00e1rio: M\u00e1rcio de Souza dos Santos &#8211; Sindicato dos Municip\u00e1rios de Mariana Pimentel<br>e-mail: <a href=\"mailto:simapioficial@gmail.com\">simapioficial@gmail.com<\/a> &#8211; Tel.: (51) 99570-1005<br><br><strong>COORDENADORIA REGIONAL DA FEMERGS &#8211; MISS\u00d5ES:<br><\/strong>Coordenador: Nilson de Chaves &#8211; Sindicato dos Municip\u00e1rios de S\u00e3o Luiz Gonzaga<br>e-mail: <a href=\"mailto:nilson.chaves73@gmail.com\">nilson.chaves73@gmail.com<\/a> &#8211; Tel.: (55) 99628-4712<br>Vice-Coordenador: Marisa de F\u00e1tima Carvalho dos Reis &#8211; Sindicato Municip\u00e1rios de Santo \u00c2ngelo<br>Tel.: (55) 99949-7399<br>Secret\u00e1rio: Lucia Thomas &#8211; Sindicato Municip\u00e1rios de S\u00e3o Paulo das Miss\u00f5es<br>Tel.: (55) 99603-4100<br><br><strong>COORDENADORIA REGIONAL DA FEMERGS &#8211; CARBON\u00cdFERA:<br><\/strong>Vice-Coordenador: Job Barbosa Coleraus &#8211; Sindicato dos Municip\u00e1rios de S\u00e3o Jer\u00f4nimo<br>e-mail: <a href=\"mailto:jobbarbosacoleraus22@hotmail.com\">jobbarbosacoleraus22@hotmail.com<\/a> &#8211; Tel.: (51) 99237-9640<br>Secret\u00e1rio: Vandoci Salcedo Chaves &#8211; Sindicato dos Municip\u00e1rios de General C\u00e2mara<br>e-mail: <a href=\"mailto:vandocichaves@gmail.com\">vandocichaves@gmail.com<\/a> &#8211; Tel.: (51) 99904-6191<br><br><strong>COORDENADORIA REGIONAL DA FEMERGS &#8211; NORDESTE RIOGRANDENSE:<br><\/strong>Coordenador: Alcir Osmar Gambeta &#8211; Sindicato dos Municip\u00e1rios de Maximiliano de Almeida<br>e-mail: <a href=\"mailto:enggambeta@gmail.com\">enggambeta@gmail.com<\/a> &#8211; Tel.: (54) 99968-3669<br>Vice-Coordenador: Vanderlei Luppi &#8211; Sindicato dos Municip\u00e1rios de Paim Filho<br>Tel.: (54) 3531-1509<br>Secret\u00e1rio: Leda Lourdes Demartini &#8211; Sind Munic de Cacique Doble<br>e-mail: <a href=\"mailto:ledinha89@yahoo.com.br\">ledinha89@yahoo.com.br<\/a> &#8211; Tel.: (54) 99909-6314<br><br><strong>COORDENADORIA REGIONAL DA FEMERGS &#8211; LITORAL NORTE:<br><\/strong>Coordenador: Laura Rejane Caldas Michel &#8211; Sindicato dos Municip\u00e1rios de Balne\u00e1rio Pinhal<br>e-mail: <a href=\"mailto:laura_michels1965@hotmail.com\">laura_michels1965@hotmail.com<\/a> &#8211; Tel.: (51) 98448-5999<br>Vice-Coordenador: Ademilson dos Santos Teixeira &#8211; Sindicato dos Municip\u00e1rios de Imb\u00e9<br>e-mail: <a href=\"mailto:sind.imbe@gmail.com\">sind.imbe@gmail.com<\/a> &#8211; Tel.: (51) 99380-8996<br>Secret\u00e1rio: Fernanda Grassi Veloso &#8211; Sindicato Municip\u00e1rios de Cap\u00e3o da Canoa e Xangri-l\u00e1<br>e-mail: <a href=\"mailto:simccx@yahoo.com.br\">simccx@yahoo.com.br<\/a> &#8211; Tel.: (51) 99331-4005<br><br><strong>COORDENADORIA REGIONAL DA FEMERGS &#8211; CELEIRO:<br><\/strong>Secret\u00e1rio: Jocemar R. Vais &#8211; Sindicato dos Municip\u00e1rios de Braga<br>e-mail: <a href=\"mailto:cenidolpra@hotmail.com\">cenidolpra@hotmail.com<\/a> &#8211; Tel.: (55) 98139-7140<br><br><strong>COORDENADORIA REGIONAL DA FEMERGS &#8211; PLANALTO:<br><\/strong>Coordenador: Ant\u00f4nio Aires dos Santos &#8211; Sindicato dos Municip\u00e1rios de Pont\u00e3o<br>e-mail: <a href=\"mailto:antonioaasantos@hotmail.com\">antonioaasantos@hotmail.com<\/a> &#8211; Tel.: (54) 99977-9455<br>Vice-Coordenador: Paulo Cesar Pires &#8211; Sindicato dos Municip\u00e1rios de Santo Ant\u00f4nio do Palma<br>e-mail: <a href=\"mailto:paulonaarea51@yahoo.com.br\">paulonaarea51@yahoo.com.br<\/a> &#8211; Tel.: (54) 99693-4356<br>Secret\u00e1rio: Daguimara Catiana Lunelli &#8211; Sindicato dos Municip\u00e1rios de Mato Castelhano<br>e-mail: <a href=\"mailto:sismato.mc@gmail.com\">sismato.mc@gmail.com<\/a> &#8211; Tel.: (54) 99908-0022<br><br><strong>COORDENADORIA REGIONAL DA FEMERGS &#8211; ZONA SUL:<br><\/strong>Coordenador: Alexandre Mendes da Rosa Jr &#8211; Sindicato dos Municip\u00e1rios de S\u00e3o Jos\u00e9 do Norte<br>e-mail: <a href=\"mailto:simnorte.rs@gmail.com\">simnorte.rs@gmail.com<\/a> &#8211; Tel: (53) 99946-4553 e (53) 98406-2769<br>Vice-Coordenador: Jonesglei Garcia Rosa &#8211; Sindicato dos Municip\u00e1rios de Pinheiro Machado<br>e-mail: <a href=\"mailto:jonesgarcia78@gmail.com\">jonesgarcia78@gmail.com<\/a> &#8211; Tel.: (53) 99108-0690<br>Secret\u00e1rio: Danilo Amaral Bandeira &#8211; Sindicato dos Municip\u00e1rios de Turu\u00e7u.<br><br><\/p>\n<\/div>\n\n\n\n<div class=\"wp-block-column is-layout-flow wp-block-column-is-layout-flow\">\n<p><strong>COORDENADORIA REGIONAL DA FEMERGS &#8211; VALE DO RIO CA\u00cd:<br><\/strong>Coordenador: M\u00e1rcia Brambila &#8211; Sindicato dos Municip\u00e1rios de Alto Feliz<br>e-mail: <a href=\"mailto:marcialudw@yahoo.com.br\">marcialudw@yahoo.com.br<\/a> &#8211; Tel.: (51) 99707-9353<br>Vice-Coordenador: Carmo Elton Schwaikartt &#8211; Sindicato dos Municip\u00e1rios de Bom Princ\u00edpio<br>e-mail: <a href=\"mailto:sindibomprincipio@outlook.com\">sindibomprincipio@outlook.com<\/a> &#8211; Tel.: (51) 99633-0339<br>Secret\u00e1rio: Enio dos Santos &#8211; Sindicato Municip\u00e1rios de S\u00e3o Sebasti\u00e3o do Ca\u00ed<br>e-mail: <a href=\"mailto:simcairs@gmail.com\">simcairs@gmail.com<\/a> &#8211; Tel.: (51) 99960-0257<br><br><strong>COORDENADORIA REGIONAL DA FEMERGS &#8211; ZONA DA PRODU\u00c7\u00c3O:<br><\/strong>Coordenador: Deoclesio Rossetto &#8211; Sindicato dos Municip\u00e1rios de Novo Barreiro<br>e-mail: <a href=\"mailto:deoclesiorossetto@hotmail.com.br\">deoclesiorossetto@hotmail.com.br<\/a> &#8211; Tel. (55) 99985.8486 e (55)991407758<br>Vice-Coordenador: Valdemar Tariga &#8211; Sindicato dos Servidores Municipais de Planalto<br>e-mail: <a href=\"mailto:obrasplanalto@hotmail.com\">obrasplanalto@hotmail.com<\/a> &#8211; Tel. (55) 996316007<br>Secret\u00e1rio: M\u00e1rcio Ochoa Amaral &#8211; Sindicato dos Municip\u00e1rios de boa Vista das Miss\u00f5es<br>e-mail: <a href=\"mailto:m160choa@hotmail.com\">m160choa@hotmail.com<\/a> &#8211; Tel. (55)999002118<br><br><strong>COORDENADORIA REGIONAL DA FEMERGS &#8211; VALE DO RIO DOS SINOS:<br><\/strong>Vice-Coordenador: Rodrigo Martinez Braseiro &#8211; Sindicato dos Municip\u00e1rios de Nova Hartz<br>e-mail: <a href=\"mailto:sismunaz@hotmail.com\">sismunaz@hotmail.com<\/a> &#8211; Tel.: (51) 99635-5612<br>Secret\u00e1rio: Marta Rejane Serini &#8211; Sindicato dos Municip\u00e1rios de Campo Bom<br>e-mail: <a href=\"mailto:martas131@gmail.com\">martas131@gmail.com<\/a> &#8211; Tel.: (51) 99530-9199<br><br><strong>COORDENADORIA REGIONAL DA FEMERGS &#8211; CENTRO ESTADO:<br><\/strong>Coordenador: Jo\u00e3o Marcelo Dornelles Alves &#8211; Sindicato dos Municip\u00e1rios de Mata<br>e-mail: <a href=\"mailto:marcelodornelles1971@gmail.com\">marcelodornelles1971@gmail.com<\/a> &#8211; Tel.: (55) 99996-4176<br>Vice-Coordenador: Clei Adriano Fontoura de Oliveira &#8211; Sindicatos Municip\u00e1rios de Nova Palma<br>e-mail: <a href=\"mailto:cleiadrianofontoura@gmail.com\">cleiadrianofontoura@gmail.com<\/a> &#8211; Tel.: (55) 99937-2837<br>Secret\u00e1rio: Adriano Diniz &#8211; Sindicato dos Municip\u00e1rios de Jari<br>e-mail: <a href=\"http:\/\/simjari@2805@gmail.com\">simjari@2805@gmail.com<\/a> &#8211; Tel (55) 98106-1837<br><br><strong>COORDENADORIA REGIONAL DA FEMERGS &#8211; VALE DO RIO PARDO:<br><\/strong>Coordenador: Alexandre Paulus &#8211; Sindicato Funcion\u00e1rios Prefeitura Municipal de Santa Cruz do Sul<br>e-mail: <a href=\"mailto:paulus445@gmail.com\">paulus445@gmail.com<\/a> &#8211; Tel.: (51) 99954-7110<br>Vice-Coordenador: Edi Muller &#8211; Sindicato dos Servidores Municipais de Vale do Sol<br>e-mail.: <a href=\"mailto:edi.psico@yahoo.com.br\">edi.psico@yahoo.com.br<\/a> &#8211; Tel.: (51) 99776-5421<br>Secret\u00e1rio: Jac\u00f3 Henn &#8211; Sindicato dos Municip\u00e1rios de Sinimbu<br>e-mail.: <a href=\"mailto:jacohenn@gmail.com\">jacohenn@gmail.com<\/a> &#8211; Tel.: (51) 99982-8363<br><br><strong>COORDENADORIA REGIONAL DA FEMERGS &#8211; VALE DO ALTO TAQUAR\u00cd:<br><\/strong>Coordenador: D\u00e9bora Secchi Lucca &#8211; Sindicato dos Municip\u00e1rios de Encantado<br>e-mail: <a href=\"mailto:deborasecchi@hotmail.com\">deborasecchi@hotmail.com<\/a> &#8211; Tel.: (51) 99939-2462<br>Vice-Coordenador: Ronaldo Horst &#8211; Sindicato dos Municip\u00e1rios de Westph\u00e1lia<br>e-mail: <a href=\"mailto:simwestphalia@gmail.com\">simwestphalia@gmail.com<\/a> &#8211; Tel.: (51) 99714-1341<br>Secret\u00e1rio: Margarete Catarina Degasperi &#8211; Sindicato dos Municip\u00e1rios de Nova Br\u00e9scia<br>e-mail: <a href=\"mailto:simnb@hotmail.com\">simnb@hotmail.com<\/a> &#8211; Tel.: (51) 98229-5749<br><br><strong>COORDENADORIA REGIONAL DA FEMERGS &#8211; ALTO URUGUAI:<br><\/strong>Coordenador: Cristiane Val\u00e9rio &#8211; Sindicato dos Municip\u00e1rios de Campinas do Sul<br>e-mail: <a href=\"mailto:cristianevalerio@gmail.com\">cristianevalerio@gmail.com<\/a> &#8211; Tel.: (54) 99119-0261<br>Vice-Coordenador: Ronaldo Elieser Kujawinski &#8211; Sindicato dos Municip\u00e1rios de \u00c1urea<br>Tel. (54) 98418-5784<br>Secret\u00e1rio: Verner Walter Poganski &#8211; Sindicato dos Municip\u00e1rios de Paulo Bento<br>e-mail: <a href=\"mailto:vernerpoga12@hotmail.com\">vernerpoga12@hotmail.com<\/a> &#8211; Tel.: (54) 99946-3398 e (54) 99141-2108<br><br><strong>COORDENADORIA REGIONAL DA FEMERGS &#8211; CAMPOS DE CIMA DA SERRA:<br><\/strong>Coordenador: Alvaro Bortolotto Buzelato &#8211; Sindicato Municip\u00e1rios Campestre da Serra<br>e-mail: <a href=\"mailto:alvarobuzelato@yahoo.com.br\">alvarobuzelato@yahoo.com.br<\/a> &#8211; Tel.: (54) 99622-8159<br>Vice-Coordenador: Ant\u00f4nio Fernando da Rosa &#8211; Sindicato Municip\u00e1rios de Esmeralda<br>e-mail: <a href=\"mailto:tonis.10@hotmail.com\">tonis.10@hotmail.com<\/a> &#8211; Tel.: (54) 99911-5782<br>Secret\u00e1rio: Tatiana Andreetta Angelo &#8211; Sindicato dos Municip\u00e1rios de Ip\u00ea<br>e-mail: <a href=\"mailto:tatiandreatta@gmail.com\">tatiandreatta@gmail.com<\/a> &#8211; Tel.: (54) 99972-3463<\/p>\n<\/div>\n<\/div>\n\n\n\n<p><br><br><br><\/p>\n","protected":false},"excerpt":{"rendered":"<p>COORDENADORIA REGIONAL DA FEMERGS &#8211; GRANDE SANTA ROSA:Coordenador: R\u00f3bson Kamm &#8211; Sindicato dos Municip\u00e1rios de Tr\u00eas de Maioe-mail: robson.kamm@gmail.com &#8211; Tel.: (55) 99638-0282Vice-Coordenador: Jos\u00e9 Valderi da Silva &#8211; Sindicato dos Municip\u00e1rios de Horizontinae-mail: sinda.smh@gmail.com &#8211; Tel.: (55) 99631-7116Secret\u00e1rio: Jos\u00e9 Carlos da Fonseca Parada &#8211; Sindicato dos Municip\u00e1rios de Porto Mau\u00e1e-mail: jcparada@ibest.com.br &#8211; Tel.: (55) 99955-8722 [&hellip;]<\/p>\n","protected":false},"author":1,"featured_media":0,"parent":0,"menu_order":0,"comment_status":"closed","ping_status":"closed","template":"","meta":{"_eb_attr":"","_uag_custom_page_level_css":"","footnotes":""},"class_list":["post-335","page","type-page","status-publish","hentry"],"yoast_head":"<!-- This site is optimized with the Yoast SEO plugin v27.1.1 - https:\/\/yoast.com\/product\/yoast-seo-wordpress\/ -->\n<title>COORDENADORIAS REGIONAIS - Federa\u00e7\u00e3o dos Municip\u00e1rios do Estado do Rio Grande do Sul<\/title>\n<meta name=\"robots\" content=\"index, follow, max-snippet:-1, max-image-preview:large, max-video-preview:-1\" \/>\n<link rel=\"canonical\" href=\"https:\/\/femergs.com.br\/wfe\/coordenadorias-regionais\/\" \/>\n<meta property=\"og:locale\" content=\"pt_BR\" \/>\n<meta property=\"og:type\" content=\"article\" \/>\n<meta property=\"og:title\" content=\"COORDENADORIAS REGIONAIS - Federa\u00e7\u00e3o dos Municip\u00e1rios do Estado do Rio Grande do Sul\" \/>\n<meta property=\"og:description\" content=\"COORDENADORIA REGIONAL DA FEMERGS &#8211; GRANDE SANTA ROSA:Coordenador: R\u00f3bson Kamm &#8211; Sindicato dos Municip\u00e1rios de Tr\u00eas de Maioe-mail: robson.kamm@gmail.com &#8211; Tel.: (55) 99638-0282Vice-Coordenador: Jos\u00e9 Valderi da Silva &#8211; Sindicato dos Municip\u00e1rios de Horizontinae-mail: sinda.smh@gmail.com &#8211; Tel.: (55) 99631-7116Secret\u00e1rio: Jos\u00e9 Carlos da Fonseca Parada &#8211; Sindicato dos Municip\u00e1rios de Porto Mau\u00e1e-mail: jcparada@ibest.com.br &#8211; Tel.: (55) 99955-8722 [&hellip;]\" \/>\n<meta property=\"og:url\" content=\"https:\/\/femergs.com.br\/wfe\/coordenadorias-regionais\/\" \/>\n<meta property=\"og:site_name\" content=\"Federa\u00e7\u00e3o dos Municip\u00e1rios do Estado do Rio Grande do Sul\" \/>\n<meta property=\"article:publisher\" content=\"https:\/\/www.facebook.com\/profile.php?id=100057151733001\" \/>\n<meta property=\"article:modified_time\" content=\"2025-07-15T19:33:49+00:00\" \/>\n<meta name=\"twitter:card\" content=\"summary_large_image\" \/>\n<meta name=\"twitter:label1\" content=\"Est. tempo de leitura\" \/>\n\t<meta name=\"twitter:data1\" content=\"5 minutos\" \/>\n<script type=\"application\/ld+json\" class=\"yoast-schema-graph\">{\"@context\":\"https:\/\/schema.org\",\"@graph\":[{\"@type\":\"WebPage\",\"@id\":\"https:\/\/femergs.com.br\/wfe\/coordenadorias-regionais\/\",\"url\":\"https:\/\/femergs.com.br\/wfe\/coordenadorias-regionais\/\",\"name\":\"COORDENADORIAS REGIONAIS - Federa\u00e7\u00e3o dos Municip\u00e1rios do Estado do Rio Grande do Sul\",\"isPartOf\":{\"@id\":\"https:\/\/femergs.com.br\/wfe\/#website\"},\"datePublished\":\"2025-07-03T19:39:44+00:00\",\"dateModified\":\"2025-07-15T19:33:49+00:00\",\"breadcrumb\":{\"@id\":\"https:\/\/femergs.com.br\/wfe\/coordenadorias-regionais\/#breadcrumb\"},\"inLanguage\":\"pt-BR\",\"potentialAction\":[{\"@type\":\"ReadAction\",\"target\":[\"https:\/\/femergs.com.br\/wfe\/coordenadorias-regionais\/\"]}]},{\"@type\":\"BreadcrumbList\",\"@id\":\"https:\/\/femergs.com.br\/wfe\/coordenadorias-regionais\/#breadcrumb\",\"itemListElement\":[{\"@type\":\"ListItem\",\"position\":1,\"name\":\"In\u00edcio\",\"item\":\"https:\/\/femergs.com.br\/wfe\/\"},{\"@type\":\"ListItem\",\"position\":2,\"name\":\"COORDENADORIAS REGIONAIS\"}]},{\"@type\":\"WebSite\",\"@id\":\"https:\/\/femergs.com.br\/wfe\/#website\",\"url\":\"https:\/\/femergs.com.br\/wfe\/\",\"name\":\"FEMERGS\",\"description\":\"FEDERA\u00c7\u00c3O DOS MUNICIP\u00c1RIOS DO ESTADO DO RIO GRANDE DO SUL\",\"publisher\":{\"@id\":\"https:\/\/femergs.com.br\/wfe\/#organization\"},\"potentialAction\":[{\"@type\":\"SearchAction\",\"target\":{\"@type\":\"EntryPoint\",\"urlTemplate\":\"https:\/\/femergs.com.br\/wfe\/?s={search_term_string}\"},\"query-input\":{\"@type\":\"PropertyValueSpecification\",\"valueRequired\":true,\"valueName\":\"search_term_string\"}}],\"inLanguage\":\"pt-BR\"},{\"@type\":\"Organization\",\"@id\":\"https:\/\/femergs.com.br\/wfe\/#organization\",\"name\":\"FEMERGS\",\"url\":\"https:\/\/femergs.com.br\/wfe\/\",\"logo\":{\"@type\":\"ImageObject\",\"inLanguage\":\"pt-BR\",\"@id\":\"https:\/\/femergs.com.br\/wfe\/#\/schema\/logo\/image\/\",\"url\":\"https:\/\/femergs.com.br\/wfe\/wp-content\/uploads\/2025\/06\/logotipo.png\",\"contentUrl\":\"https:\/\/femergs.com.br\/wfe\/wp-content\/uploads\/2025\/06\/logotipo.png\",\"width\":500,\"height\":500,\"caption\":\"FEMERGS\"},\"image\":{\"@id\":\"https:\/\/femergs.com.br\/wfe\/#\/schema\/logo\/image\/\"},\"sameAs\":[\"https:\/\/www.facebook.com\/profile.php?id=100057151733001\",\"https:\/\/www.instagram.com\/femergs_rs\/\"]}]}<\/script>\n<!-- \/ Yoast SEO plugin. -->","yoast_head_json":{"title":"COORDENADORIAS REGIONAIS - Federa\u00e7\u00e3o dos Municip\u00e1rios do Estado do Rio Grande do Sul","robots":{"index":"index","follow":"follow","max-snippet":"max-snippet:-1","max-image-preview":"max-image-preview:large","max-video-preview":"max-video-preview:-1"},"canonical":"https:\/\/femergs.com.br\/wfe\/coordenadorias-regionais\/","og_locale":"pt_BR","og_type":"article","og_title":"COORDENADORIAS REGIONAIS - Federa\u00e7\u00e3o dos Municip\u00e1rios do Estado do Rio Grande do Sul","og_description":"COORDENADORIA REGIONAL DA FEMERGS &#8211; GRANDE SANTA ROSA:Coordenador: R\u00f3bson Kamm &#8211; Sindicato dos Municip\u00e1rios de Tr\u00eas de Maioe-mail: robson.kamm@gmail.com &#8211; Tel.: (55) 99638-0282Vice-Coordenador: Jos\u00e9 Valderi da Silva &#8211; Sindicato dos Municip\u00e1rios de Horizontinae-mail: sinda.smh@gmail.com &#8211; Tel.: (55) 99631-7116Secret\u00e1rio: Jos\u00e9 Carlos da Fonseca Parada &#8211; Sindicato dos Municip\u00e1rios de Porto Mau\u00e1e-mail: jcparada@ibest.com.br &#8211; Tel.: (55) 99955-8722 [&hellip;]","og_url":"https:\/\/femergs.com.br\/wfe\/coordenadorias-regionais\/","og_site_name":"Federa\u00e7\u00e3o dos Municip\u00e1rios do Estado do Rio Grande do Sul","article_publisher":"https:\/\/www.facebook.com\/profile.php?id=100057151733001","article_modified_time":"2025-07-15T19:33:49+00:00","twitter_card":"summary_large_image","twitter_misc":{"Est. tempo de leitura":"5 minutos"},"schema":{"@context":"https:\/\/schema.org","@graph":[{"@type":"WebPage","@id":"https:\/\/femergs.com.br\/wfe\/coordenadorias-regionais\/","url":"https:\/\/femergs.com.br\/wfe\/coordenadorias-regionais\/","name":"COORDENADORIAS REGIONAIS - Federa\u00e7\u00e3o dos Municip\u00e1rios do Estado do Rio Grande do Sul","isPartOf":{"@id":"https:\/\/femergs.com.br\/wfe\/#website"},"datePublished":"2025-07-03T19:39:44+00:00","dateModified":"2025-07-15T19:33:49+00:00","breadcrumb":{"@id":"https:\/\/femergs.com.br\/wfe\/coordenadorias-regionais\/#breadcrumb"},"inLanguage":"pt-BR","potentialAction":[{"@type":"ReadAction","target":["https:\/\/femergs.com.br\/wfe\/coordenadorias-regionais\/"]}]},{"@type":"BreadcrumbList","@id":"https:\/\/femergs.com.br\/wfe\/coordenadorias-regionais\/#breadcrumb","itemListElement":[{"@type":"ListItem","position":1,"name":"In\u00edcio","item":"https:\/\/femergs.com.br\/wfe\/"},{"@type":"ListItem","position":2,"name":"COORDENADORIAS REGIONAIS"}]},{"@type":"WebSite","@id":"https:\/\/femergs.com.br\/wfe\/#website","url":"https:\/\/femergs.com.br\/wfe\/","name":"FEMERGS","description":"FEDERA\u00c7\u00c3O DOS MUNICIP\u00c1RIOS DO ESTADO DO RIO GRANDE DO SUL","publisher":{"@id":"https:\/\/femergs.com.br\/wfe\/#organization"},"potentialAction":[{"@type":"SearchAction","target":{"@type":"EntryPoint","urlTemplate":"https:\/\/femergs.com.br\/wfe\/?s={search_term_string}"},"query-input":{"@type":"PropertyValueSpecification","valueRequired":true,"valueName":"search_term_string"}}],"inLanguage":"pt-BR"},{"@type":"Organization","@id":"https:\/\/femergs.com.br\/wfe\/#organization","name":"FEMERGS","url":"https:\/\/femergs.com.br\/wfe\/","logo":{"@type":"ImageObject","inLanguage":"pt-BR","@id":"https:\/\/femergs.com.br\/wfe\/#\/schema\/logo\/image\/","url":"https:\/\/femergs.com.br\/wfe\/wp-content\/uploads\/2025\/06\/logotipo.png","contentUrl":"https:\/\/femergs.com.br\/wfe\/wp-content\/uploads\/2025\/06\/logotipo.png","width":500,"height":500,"caption":"FEMERGS"},"image":{"@id":"https:\/\/femergs.com.br\/wfe\/#\/schema\/logo\/image\/"},"sameAs":["https:\/\/www.facebook.com\/profile.php?id=100057151733001","https:\/\/www.instagram.com\/femergs_rs\/"]}]}},"uagb_featured_image_src":{"full":false,"thumbnail":false,"medium":false,"medium_large":false,"large":false,"1536x1536":false,"2048x2048":false,"ultp_layout_landscape_large":false,"ultp_layout_landscape":false,"ultp_layout_portrait":false,"ultp_layout_square":false},"uagb_author_info":{"display_name":"adminfemergs","author_link":"https:\/\/femergs.com.br\/wfe\/blog\/author\/adminfemergs\/"},"uagb_comment_info":0,"uagb_excerpt":"COORDENADORIA REGIONAL DA FEMERGS &#8211; GRANDE SANTA ROSA:Coordenador: R\u00f3bson Kamm &#8211; Sindicato dos Municip\u00e1rios de Tr\u00eas de Maioe-mail: robson.kamm@gmail.com &#8211; Tel.: (55) 99638-0282Vice-Coordenador: Jos\u00e9 Valderi da Silva &#8211; Sindicato dos Municip\u00e1rios de Horizontinae-mail: sinda.smh@gmail.com &#8211; Tel.: (55) 99631-7116Secret\u00e1rio: Jos\u00e9 Carlos da Fonseca Parada &#8211; Sindicato dos Municip\u00e1rios de Porto Mau\u00e1e-mail: jcparada@ibest.com.br &#8211; Tel.: (55) 99955-8722&hellip;","_links":{"self":[{"href":"https:\/\/femergs.com.br\/wfe\/wp-json\/wp\/v2\/pages\/335","targetHints":{"allow":["GET"]}}],"collection":[{"href":"https:\/\/femergs.com.br\/wfe\/wp-json\/wp\/v2\/pages"}],"about":[{"href":"https:\/\/femergs.com.br\/wfe\/wp-json\/wp\/v2\/types\/page"}],"author":[{"embeddable":true,"href":"https:\/\/femergs.com.br\/wfe\/wp-json\/wp\/v2\/users\/1"}],"replies":[{"embeddable":true,"href":"https:\/\/femergs.com.br\/wfe\/wp-json\/wp\/v2\/comments?post=335"}],"version-history":[{"count":5,"href":"https:\/\/femergs.com.br\/wfe\/wp-json\/wp\/v2\/pages\/335\/revisions"}],"predecessor-version":[{"id":808,"href":"https:\/\/femergs.com.br\/wfe\/wp-json\/wp\/v2\/pages\/335\/revisions\/808"}],"wp:attachment":[{"href":"https:\/\/femergs.com.br\/wfe\/wp-json\/wp\/v2\/media?parent=335"}],"curies":[{"name":"wp","href":"https:\/\/api.w.org\/{rel}","templated":true}]}}