{"id":339,"date":"2025-07-03T19:46:31","date_gmt":"2025-07-03T19:46:31","guid":{"rendered":"https:\/\/femergs.com.br\/wfe\/?page_id=339"},"modified":"2025-07-03T19:51:00","modified_gmt":"2025-07-03T19:51:00","slug":"assessoria-juridica","status":"publish","type":"page","link":"https:\/\/femergs.com.br\/wfe\/assessoria-juridica\/","title":{"rendered":"ASSESSORIA JUR\u00cdDICA"},"content":{"rendered":"\n<div class=\"wp-block-media-text is-stacked-on-mobile\" style=\"border-radius:0px;grid-template-columns:23% auto\"><figure class=\"wp-block-media-text__media\"><img data-dominant-color=\"908e87\" data-has-transparency=\"false\" style=\"--dominant-color: #908e87;\" decoding=\"async\" src=\"data:image\/gif;base64,R0lGODlhAQABAIAAAAAAAP\/\/\/ywAAAAAAQABAAACAUwAOw==\" fifu-lazy=\"1\" fifu-data-sizes=\"auto\" fifu-data-srcset=\"https:\/\/i2.wp.com\/femergs.com.br\/wfe\/wp-content\/uploads\/2025\/07\/eduardo-e1751572208284.webp?ssl=1&w=75&resize=75&ssl=1 75w, https:\/\/i2.wp.com\/femergs.com.br\/wfe\/wp-content\/uploads\/2025\/07\/eduardo-e1751572208284.webp?ssl=1&w=100&resize=100&ssl=1 100w, https:\/\/i2.wp.com\/femergs.com.br\/wfe\/wp-content\/uploads\/2025\/07\/eduardo-e1751572208284.webp?ssl=1&w=150&resize=150&ssl=1 150w, https:\/\/i2.wp.com\/femergs.com.br\/wfe\/wp-content\/uploads\/2025\/07\/eduardo-e1751572208284.webp?ssl=1&w=240&resize=240&ssl=1 240w, https:\/\/i2.wp.com\/femergs.com.br\/wfe\/wp-content\/uploads\/2025\/07\/eduardo-e1751572208284.webp?ssl=1&w=320&resize=320&ssl=1 320w, https:\/\/i2.wp.com\/femergs.com.br\/wfe\/wp-content\/uploads\/2025\/07\/eduardo-e1751572208284.webp?ssl=1&w=500&resize=500&ssl=1 500w, https:\/\/i2.wp.com\/femergs.com.br\/wfe\/wp-content\/uploads\/2025\/07\/eduardo-e1751572208284.webp?ssl=1&w=640&resize=640&ssl=1 640w, https:\/\/i2.wp.com\/femergs.com.br\/wfe\/wp-content\/uploads\/2025\/07\/eduardo-e1751572208284.webp?ssl=1&w=800&resize=800&ssl=1 800w, https:\/\/i2.wp.com\/femergs.com.br\/wfe\/wp-content\/uploads\/2025\/07\/eduardo-e1751572208284.webp?ssl=1&w=1024&resize=1024&ssl=1 1024w, https:\/\/i2.wp.com\/femergs.com.br\/wfe\/wp-content\/uploads\/2025\/07\/eduardo-e1751572208284.webp?ssl=1&w=1280&resize=1280&ssl=1 1280w, https:\/\/i2.wp.com\/femergs.com.br\/wfe\/wp-content\/uploads\/2025\/07\/eduardo-e1751572208284.webp?ssl=1&w=1600&resize=1600&ssl=1 1600w\" fifu-data-src=\"https:\/\/i2.wp.com\/femergs.com.br\/wfe\/wp-content\/uploads\/2025\/07\/eduardo-e1751572208284.webp?ssl=1\" alt=\"\" class=\"wp-image-345 size-full not-transparent\"\/><\/figure><div class=\"wp-block-media-text__content\">\n<p>BMR ADVOGADOS ASSOCIADOS LTDA.<br><strong>Dr. Eduardo Bechorner \u2013 OAB\/RS 47305<\/strong><\/p>\n\n\n\n<p>Fones\/Whatsapp: <br>(55)3312-5633<br><a href=\"https:\/\/wa.me\/5555999350916\">(55)99935-0916<\/a><br><br>E-mail: <a href=\"mailto:eduardobechorner@yahoo.com.br\" target=\"_blank\" rel=\"noreferrer noopener\">eduardobechorner@yahoo.com.br<\/a><br><a href=\"https:\/\/www.bmradvogadosassociados.com.br\">www.bmradvogadosassociados.com.br<\/a><br>Rua Fl\u00f4rencio de Abreu, 1818, Santo \u00c2ngelo\/RS CEP: 98804-560<\/p>\n<\/div><\/div>\n\n\n\n<p><\/p>\n","protected":false},"excerpt":{"rendered":"<p>BMR ADVOGADOS ASSOCIADOS LTDA.Dr. Eduardo Bechorner \u2013 OAB\/RS 47305 Fones\/Whatsapp: (55)3312-5633(55)99935-0916 E-mail: eduardobechorner@yahoo.com.brwww.bmradvogadosassociados.com.brRua Fl\u00f4rencio de Abreu, 1818, Santo \u00c2ngelo\/RS CEP: 98804-560<\/p>\n","protected":false},"author":1,"featured_media":1593,"parent":0,"menu_order":0,"comment_status":"closed","ping_status":"closed","template":"","meta":{"_eb_attr":"","_uag_custom_page_level_css":"","footnotes":""},"class_list":["post-339","page","type-page","status-publish","has-post-thumbnail","hentry"],"yoast_head":"<!-- This site is optimized with the Yoast SEO plugin v27.1.1 - https:\/\/yoast.com\/product\/yoast-seo-wordpress\/ -->\n<title>ASSESSORIA JUR\u00cdDICA - Federa\u00e7\u00e3o dos Municip\u00e1rios do Estado do Rio Grande do Sul<\/title>\n<meta name=\"robots\" content=\"index, follow, max-snippet:-1, max-image-preview:large, max-video-preview:-1\" \/>\n<link rel=\"canonical\" href=\"https:\/\/femergs.com.br\/wfe\/assessoria-juridica\/\" \/>\n<meta property=\"og:locale\" content=\"pt_BR\" \/>\n<meta property=\"og:type\" content=\"article\" \/>\n<meta property=\"og:title\" content=\"ASSESSORIA JUR\u00cdDICA - Federa\u00e7\u00e3o dos Municip\u00e1rios do Estado do Rio Grande do Sul\" \/>\n<meta property=\"og:description\" content=\"BMR ADVOGADOS ASSOCIADOS LTDA.Dr. Eduardo Bechorner \u2013 OAB\/RS 47305 Fones\/Whatsapp: (55)3312-5633(55)99935-0916 E-mail: eduardobechorner@yahoo.com.brwww.bmradvogadosassociados.com.brRua Fl\u00f4rencio de Abreu, 1818, Santo \u00c2ngelo\/RS CEP: 98804-560\" \/>\n<meta property=\"og:url\" content=\"https:\/\/femergs.com.br\/wfe\/assessoria-juridica\/\" \/>\n<meta property=\"og:site_name\" content=\"Federa\u00e7\u00e3o dos Municip\u00e1rios do Estado do Rio Grande do Sul\" \/>\n<meta property=\"article:publisher\" content=\"https:\/\/www.facebook.com\/profile.php?id=100057151733001\" \/>\n<meta property=\"article:modified_time\" content=\"2025-07-03T19:51:00+00:00\" \/>\n<meta property=\"og:image\" content=\"https:\/\/femergs.com.br\/wfe\/wp-content\/uploads\/2025\/07\/eduardo-e1751572208284.webp\" \/>\n<meta name=\"twitter:card\" content=\"summary_large_image\" \/>\n<meta name=\"twitter:image\" content=\"https:\/\/femergs.com.br\/wfe\/wp-content\/uploads\/2025\/07\/eduardo-e1751572208284.webp\" \/>\n<meta name=\"twitter:label1\" content=\"Est. tempo de leitura\" \/>\n\t<meta name=\"twitter:data1\" content=\"1 minuto\" \/>\n<script type=\"application\/ld+json\" class=\"yoast-schema-graph\">{\"@context\":\"https:\/\/schema.org\",\"@graph\":[{\"@type\":\"WebPage\",\"@id\":\"https:\/\/femergs.com.br\/wfe\/assessoria-juridica\/\",\"url\":\"https:\/\/femergs.com.br\/wfe\/assessoria-juridica\/\",\"name\":\"ASSESSORIA JUR\u00cdDICA - Federa\u00e7\u00e3o dos Municip\u00e1rios do Estado do Rio Grande do Sul\",\"isPartOf\":{\"@id\":\"https:\/\/femergs.com.br\/wfe\/#website\"},\"primaryImageOfPage\":{\"@id\":\"https:\/\/femergs.com.br\/wfe\/assessoria-juridica\/#primaryimage\"},\"image\":{\"@id\":\"https:\/\/femergs.com.br\/wfe\/assessoria-juridica\/#primaryimage\"},\"thumbnailUrl\":\"https:\/\/i2.wp.com\/femergs.com.br\/wfe\/wp-content\/uploads\/2025\/07\/eduardo-e1751572208284.webp?ssl=1\",\"datePublished\":\"2025-07-03T19:46:31+00:00\",\"dateModified\":\"2025-07-03T19:51:00+00:00\",\"breadcrumb\":{\"@id\":\"https:\/\/femergs.com.br\/wfe\/assessoria-juridica\/#breadcrumb\"},\"inLanguage\":\"pt-BR\",\"potentialAction\":[{\"@type\":\"ReadAction\",\"target\":[\"https:\/\/femergs.com.br\/wfe\/assessoria-juridica\/\"]}]},{\"@type\":\"ImageObject\",\"inLanguage\":\"pt-BR\",\"@id\":\"https:\/\/femergs.com.br\/wfe\/assessoria-juridica\/#primaryimage\",\"url\":\"https:\/\/i2.wp.com\/femergs.com.br\/wfe\/wp-content\/uploads\/2025\/07\/eduardo-e1751572208284.webp?ssl=1\",\"contentUrl\":\"https:\/\/i2.wp.com\/femergs.com.br\/wfe\/wp-content\/uploads\/2025\/07\/eduardo-e1751572208284.webp?ssl=1\"},{\"@type\":\"BreadcrumbList\",\"@id\":\"https:\/\/femergs.com.br\/wfe\/assessoria-juridica\/#breadcrumb\",\"itemListElement\":[{\"@type\":\"ListItem\",\"position\":1,\"name\":\"In\u00edcio\",\"item\":\"https:\/\/femergs.com.br\/wfe\/\"},{\"@type\":\"ListItem\",\"position\":2,\"name\":\"ASSESSORIA JUR\u00cdDICA\"}]},{\"@type\":\"WebSite\",\"@id\":\"https:\/\/femergs.com.br\/wfe\/#website\",\"url\":\"https:\/\/femergs.com.br\/wfe\/\",\"name\":\"FEMERGS\",\"description\":\"FEDERA\u00c7\u00c3O DOS MUNICIP\u00c1RIOS DO ESTADO DO RIO GRANDE DO SUL\",\"publisher\":{\"@id\":\"https:\/\/femergs.com.br\/wfe\/#organization\"},\"potentialAction\":[{\"@type\":\"SearchAction\",\"target\":{\"@type\":\"EntryPoint\",\"urlTemplate\":\"https:\/\/femergs.com.br\/wfe\/?s={search_term_string}\"},\"query-input\":{\"@type\":\"PropertyValueSpecification\",\"valueRequired\":true,\"valueName\":\"search_term_string\"}}],\"inLanguage\":\"pt-BR\"},{\"@type\":\"Organization\",\"@id\":\"https:\/\/femergs.com.br\/wfe\/#organization\",\"name\":\"FEMERGS\",\"url\":\"https:\/\/femergs.com.br\/wfe\/\",\"logo\":{\"@type\":\"ImageObject\",\"inLanguage\":\"pt-BR\",\"@id\":\"https:\/\/femergs.com.br\/wfe\/#\/schema\/logo\/image\/\",\"url\":\"https:\/\/femergs.com.br\/wfe\/wp-content\/uploads\/2025\/06\/logotipo.png\",\"contentUrl\":\"https:\/\/femergs.com.br\/wfe\/wp-content\/uploads\/2025\/06\/logotipo.png\",\"width\":500,\"height\":500,\"caption\":\"FEMERGS\"},\"image\":{\"@id\":\"https:\/\/femergs.com.br\/wfe\/#\/schema\/logo\/image\/\"},\"sameAs\":[\"https:\/\/www.facebook.com\/profile.php?id=100057151733001\",\"https:\/\/www.instagram.com\/femergs_rs\/\"]}]}<\/script>\n<!-- \/ Yoast SEO plugin. -->","yoast_head_json":{"title":"ASSESSORIA JUR\u00cdDICA - Federa\u00e7\u00e3o dos Municip\u00e1rios do Estado do Rio Grande do Sul","robots":{"index":"index","follow":"follow","max-snippet":"max-snippet:-1","max-image-preview":"max-image-preview:large","max-video-preview":"max-video-preview:-1"},"canonical":"https:\/\/femergs.com.br\/wfe\/assessoria-juridica\/","og_locale":"pt_BR","og_type":"article","og_title":"ASSESSORIA JUR\u00cdDICA - Federa\u00e7\u00e3o dos Municip\u00e1rios do Estado do Rio Grande do Sul","og_description":"BMR ADVOGADOS ASSOCIADOS LTDA.Dr. Eduardo Bechorner \u2013 OAB\/RS 47305 Fones\/Whatsapp: (55)3312-5633(55)99935-0916 E-mail: eduardobechorner@yahoo.com.brwww.bmradvogadosassociados.com.brRua Fl\u00f4rencio de Abreu, 1818, Santo \u00c2ngelo\/RS CEP: 98804-560","og_url":"https:\/\/femergs.com.br\/wfe\/assessoria-juridica\/","og_site_name":"Federa\u00e7\u00e3o dos Municip\u00e1rios do Estado do Rio Grande do Sul","article_publisher":"https:\/\/www.facebook.com\/profile.php?id=100057151733001","article_modified_time":"2025-07-03T19:51:00+00:00","og_image":[{"url":"https:\/\/femergs.com.br\/wfe\/wp-content\/uploads\/2025\/07\/eduardo-e1751572208284.webp","type":"","width":"","height":""}],"twitter_card":"summary_large_image","twitter_image":"https:\/\/femergs.com.br\/wfe\/wp-content\/uploads\/2025\/07\/eduardo-e1751572208284.webp","twitter_misc":{"Est. tempo de leitura":"1 minuto"},"schema":{"@context":"https:\/\/schema.org","@graph":[{"@type":"WebPage","@id":"https:\/\/femergs.com.br\/wfe\/assessoria-juridica\/","url":"https:\/\/femergs.com.br\/wfe\/assessoria-juridica\/","name":"ASSESSORIA JUR\u00cdDICA - Federa\u00e7\u00e3o dos Municip\u00e1rios do Estado do Rio Grande do Sul","isPartOf":{"@id":"https:\/\/femergs.com.br\/wfe\/#website"},"primaryImageOfPage":{"@id":"https:\/\/femergs.com.br\/wfe\/assessoria-juridica\/#primaryimage"},"image":{"@id":"https:\/\/femergs.com.br\/wfe\/assessoria-juridica\/#primaryimage"},"thumbnailUrl":"https:\/\/i2.wp.com\/femergs.com.br\/wfe\/wp-content\/uploads\/2025\/07\/eduardo-e1751572208284.webp?ssl=1","datePublished":"2025-07-03T19:46:31+00:00","dateModified":"2025-07-03T19:51:00+00:00","breadcrumb":{"@id":"https:\/\/femergs.com.br\/wfe\/assessoria-juridica\/#breadcrumb"},"inLanguage":"pt-BR","potentialAction":[{"@type":"ReadAction","target":["https:\/\/femergs.com.br\/wfe\/assessoria-juridica\/"]}]},{"@type":"ImageObject","inLanguage":"pt-BR","@id":"https:\/\/femergs.com.br\/wfe\/assessoria-juridica\/#primaryimage","url":"https:\/\/i2.wp.com\/femergs.com.br\/wfe\/wp-content\/uploads\/2025\/07\/eduardo-e1751572208284.webp?ssl=1","contentUrl":"https:\/\/i2.wp.com\/femergs.com.br\/wfe\/wp-content\/uploads\/2025\/07\/eduardo-e1751572208284.webp?ssl=1"},{"@type":"BreadcrumbList","@id":"https:\/\/femergs.com.br\/wfe\/assessoria-juridica\/#breadcrumb","itemListElement":[{"@type":"ListItem","position":1,"name":"In\u00edcio","item":"https:\/\/femergs.com.br\/wfe\/"},{"@type":"ListItem","position":2,"name":"ASSESSORIA JUR\u00cdDICA"}]},{"@type":"WebSite","@id":"https:\/\/femergs.com.br\/wfe\/#website","url":"https:\/\/femergs.com.br\/wfe\/","name":"FEMERGS","description":"FEDERA\u00c7\u00c3O DOS MUNICIP\u00c1RIOS DO ESTADO DO RIO GRANDE DO SUL","publisher":{"@id":"https:\/\/femergs.com.br\/wfe\/#organization"},"potentialAction":[{"@type":"SearchAction","target":{"@type":"EntryPoint","urlTemplate":"https:\/\/femergs.com.br\/wfe\/?s={search_term_string}"},"query-input":{"@type":"PropertyValueSpecification","valueRequired":true,"valueName":"search_term_string"}}],"inLanguage":"pt-BR"},{"@type":"Organization","@id":"https:\/\/femergs.com.br\/wfe\/#organization","name":"FEMERGS","url":"https:\/\/femergs.com.br\/wfe\/","logo":{"@type":"ImageObject","inLanguage":"pt-BR","@id":"https:\/\/femergs.com.br\/wfe\/#\/schema\/logo\/image\/","url":"https:\/\/femergs.com.br\/wfe\/wp-content\/uploads\/2025\/06\/logotipo.png","contentUrl":"https:\/\/femergs.com.br\/wfe\/wp-content\/uploads\/2025\/06\/logotipo.png","width":500,"height":500,"caption":"FEMERGS"},"image":{"@id":"https:\/\/femergs.com.br\/wfe\/#\/schema\/logo\/image\/"},"sameAs":["https:\/\/www.facebook.com\/profile.php?id=100057151733001","https:\/\/www.instagram.com\/femergs_rs\/"]}]}},"uagb_featured_image_src":{"full":["https:\/\/i2.wp.com\/femergs.com.br\/wfe\/wp-content\/uploads\/2025\/07\/eduardo-e1751572208284.webp?ssl=1",0,0,false],"thumbnail":["https:\/\/i1.wp.com\/femergs.com.br\/wfe\/wp-content\/uploads\/2025\/07\/eduardo-e1751572208284.webp?w=150&resize=150,150&ssl=1",150,150,true],"medium":["https:\/\/i1.wp.com\/femergs.com.br\/wfe\/wp-content\/uploads\/2025\/07\/eduardo-e1751572208284.webp?w=300&resize=300,300&ssl=1",300,300,true],"medium_large":["https:\/\/i1.wp.com\/femergs.com.br\/wfe\/wp-content\/uploads\/2025\/07\/eduardo-e1751572208284.webp?w=768&resize=768,0&ssl=1",768,0,true],"large":["https:\/\/i1.wp.com\/femergs.com.br\/wfe\/wp-content\/uploads\/2025\/07\/eduardo-e1751572208284.webp?w=1024&resize=1024,1024&ssl=1",1024,1024,true],"1536x1536":["https:\/\/i1.wp.com\/femergs.com.br\/wfe\/wp-content\/uploads\/2025\/07\/eduardo-e1751572208284.webp?w=1536&resize=1536,1536&ssl=1",1536,1536,true],"2048x2048":["https:\/\/i1.wp.com\/femergs.com.br\/wfe\/wp-content\/uploads\/2025\/07\/eduardo-e1751572208284.webp?w=2048&resize=2048,2048&ssl=1",2048,2048,true],"ultp_layout_landscape_large":["https:\/\/i1.wp.com\/femergs.com.br\/wfe\/wp-content\/uploads\/2025\/07\/eduardo-e1751572208284.webp?w=1200&resize=1200,800&ssl=1",1200,800,true],"ultp_layout_landscape":["https:\/\/i1.wp.com\/femergs.com.br\/wfe\/wp-content\/uploads\/2025\/07\/eduardo-e1751572208284.webp?w=870&resize=870,570&ssl=1",870,570,true],"ultp_layout_portrait":["https:\/\/i1.wp.com\/femergs.com.br\/wfe\/wp-content\/uploads\/2025\/07\/eduardo-e1751572208284.webp?w=600&resize=600,900&ssl=1",600,900,true],"ultp_layout_square":["https:\/\/i1.wp.com\/femergs.com.br\/wfe\/wp-content\/uploads\/2025\/07\/eduardo-e1751572208284.webp?w=600&resize=600,600&ssl=1",600,600,true]},"uagb_author_info":{"display_name":"adminfemergs","author_link":"https:\/\/femergs.com.br\/wfe\/blog\/author\/adminfemergs\/"},"uagb_comment_info":0,"uagb_excerpt":"BMR ADVOGADOS ASSOCIADOS LTDA.Dr. Eduardo Bechorner \u2013 OAB\/RS 47305 Fones\/Whatsapp: (55)3312-5633(55)99935-0916 E-mail: eduardobechorner@yahoo.com.brwww.bmradvogadosassociados.com.brRua Fl\u00f4rencio de Abreu, 1818, Santo \u00c2ngelo\/RS CEP: 98804-560","_links":{"self":[{"href":"https:\/\/femergs.com.br\/wfe\/wp-json\/wp\/v2\/pages\/339","targetHints":{"allow":["GET"]}}],"collection":[{"href":"https:\/\/femergs.com.br\/wfe\/wp-json\/wp\/v2\/pages"}],"about":[{"href":"https:\/\/femergs.com.br\/wfe\/wp-json\/wp\/v2\/types\/page"}],"author":[{"embeddable":true,"href":"https:\/\/femergs.com.br\/wfe\/wp-json\/wp\/v2\/users\/1"}],"replies":[{"embeddable":true,"href":"https:\/\/femergs.com.br\/wfe\/wp-json\/wp\/v2\/comments?post=339"}],"version-history":[{"count":5,"href":"https:\/\/femergs.com.br\/wfe\/wp-json\/wp\/v2\/pages\/339\/revisions"}],"predecessor-version":[{"id":350,"href":"https:\/\/femergs.com.br\/wfe\/wp-json\/wp\/v2\/pages\/339\/revisions\/350"}],"wp:featuredmedia":[{"embeddable":true,"href":"https:\/\/femergs.com.br\/wfe\/wp-json\/wp\/v2\/media\/1593"}],"wp:attachment":[{"href":"https:\/\/femergs.com.br\/wfe\/wp-json\/wp\/v2\/media?parent=339"}],"curies":[{"name":"wp","href":"https:\/\/api.w.org\/{rel}","templated":true}]}}